{"id":453,"date":"2025-10-20T22:06:38","date_gmt":"2025-10-20T22:06:38","guid":{"rendered":"https:\/\/zachagreen.cl\/?post_type=product&#038;p=453"},"modified":"2026-01-11T18:01:12","modified_gmt":"2026-01-11T18:01:12","slug":"melena-de-leon-90-capsulas","status":"publish","type":"product","link":"https:\/\/zachagreen.cl\/en\/product\/melena-de-leon-90-capsulas\/","title":{"rendered":"Melena De Le\u00f3n 90 Capsulas"},"content":{"rendered":"","protected":false},"excerpt":{"rendered":"<p>El hongo de la concentraci\u00f3n y la claridad mental.<br \/>\nLa melena de le\u00f3n estimula la regeneraci\u00f3n neuronal, mejora la memoria, la concentraci\u00f3n y el estado de \u00e1nimo.<br \/>\nIdeal para estudiantes, profesionales o personas que buscan mantener su mente activa y enfocada.<\/p>","protected":false},"featured_media":440,"template":"","meta":{"_joinchat":[]},"product_brand":[],"product_cat":[68,70],"product_tag":[],"class_list":{"0":"post-453","1":"product","2":"type-product","3":"status-publish","4":"has-post-thumbnail","6":"product_cat-capsulas","7":"product_cat-90-capsulas","9":"first","10":"instock","11":"shipping-taxable","12":"purchasable","13":"product-type-simple"},"tiered_pricing_type":"fixed","tiered_pricing_fixed_rules":{"3":"6500","12":"6000"},"_links":{"self":[{"href":"https:\/\/zachagreen.cl\/en\/wp-json\/wp\/v2\/product\/453","targetHints":{"allow":["GET"]}}],"collection":[{"href":"https:\/\/zachagreen.cl\/en\/wp-json\/wp\/v2\/product"}],"about":[{"href":"https:\/\/zachagreen.cl\/en\/wp-json\/wp\/v2\/types\/product"}],"wp:featuredmedia":[{"embeddable":true,"href":"https:\/\/zachagreen.cl\/en\/wp-json\/wp\/v2\/media\/440"}],"wp:attachment":[{"href":"https:\/\/zachagreen.cl\/en\/wp-json\/wp\/v2\/media?parent=453"}],"wp:term":[{"taxonomy":"product_brand","embeddable":true,"href":"https:\/\/zachagreen.cl\/en\/wp-json\/wp\/v2\/product_brand?post=453"},{"taxonomy":"product_cat","embeddable":true,"href":"https:\/\/zachagreen.cl\/en\/wp-json\/wp\/v2\/product_cat?post=453"},{"taxonomy":"product_tag","embeddable":true,"href":"https:\/\/zachagreen.cl\/en\/wp-json\/wp\/v2\/product_tag?post=453"}],"curies":[{"name":"wp","href":"https:\/\/api.w.org\/{rel}","templated":true}]}}