{"id":458,"date":"2025-10-20T22:10:01","date_gmt":"2025-10-20T22:10:01","guid":{"rendered":"https:\/\/zachagreen.cl\/?post_type=product&#038;p=458"},"modified":"2026-03-24T21:45:43","modified_gmt":"2026-03-24T21:45:43","slug":"citrato-de-potasio-90-capsulas","status":"publish","type":"product","link":"https:\/\/zachagreen.cl\/en\/product\/citrato-de-potasio-90-capsulas\/","title":{"rendered":"Citrato De Potasio 550 mg &#8211; 90 Capsulas | Econaturales"},"content":{"rendered":"","protected":false},"excerpt":{"rendered":"<p>Citrato de Potasio 750 mg. Apoya el equilibrio de electrolitos en el cuerpo.<br \/>\nEl citrato de potasio ayuda a regular la presi\u00f3n arterial, prevenir calambres musculares y mantener el funcionamiento normal del coraz\u00f3n y los ri\u00f1ones. Ideal para deportistas o personas que buscan mantener una correcta hidrataci\u00f3n y energ\u00eda corporal.<\/p>","protected":false},"featured_media":445,"template":"","meta":{"_joinchat":[]},"product_brand":[],"product_cat":[68,70],"product_tag":[],"class_list":{"0":"post-458","1":"product","2":"type-product","3":"status-publish","4":"has-post-thumbnail","6":"product_cat-capsulas","7":"product_cat-90-capsulas","9":"first","10":"instock","11":"shipping-taxable","12":"purchasable","13":"product-type-simple"},"tiered_pricing_type":"fixed","tiered_pricing_fixed_rules":{"3":"5500","12":"4500","40":"4000"},"_links":{"self":[{"href":"https:\/\/zachagreen.cl\/en\/wp-json\/wp\/v2\/product\/458","targetHints":{"allow":["GET"]}}],"collection":[{"href":"https:\/\/zachagreen.cl\/en\/wp-json\/wp\/v2\/product"}],"about":[{"href":"https:\/\/zachagreen.cl\/en\/wp-json\/wp\/v2\/types\/product"}],"wp:featuredmedia":[{"embeddable":true,"href":"https:\/\/zachagreen.cl\/en\/wp-json\/wp\/v2\/media\/445"}],"wp:attachment":[{"href":"https:\/\/zachagreen.cl\/en\/wp-json\/wp\/v2\/media?parent=458"}],"wp:term":[{"taxonomy":"product_brand","embeddable":true,"href":"https:\/\/zachagreen.cl\/en\/wp-json\/wp\/v2\/product_brand?post=458"},{"taxonomy":"product_cat","embeddable":true,"href":"https:\/\/zachagreen.cl\/en\/wp-json\/wp\/v2\/product_cat?post=458"},{"taxonomy":"product_tag","embeddable":true,"href":"https:\/\/zachagreen.cl\/en\/wp-json\/wp\/v2\/product_tag?post=458"}],"curies":[{"name":"wp","href":"https:\/\/api.w.org\/{rel}","templated":true}]}}